{"id":940,"date":"2020-12-27T13:28:04","date_gmt":"2020-12-27T13:28:04","guid":{"rendered":"http:\/\/vestidosparafiestas.com\/?page_id=940"},"modified":"2024-02-21T08:53:43","modified_gmt":"2024-02-21T08:53:43","slug":"sobre-mi","status":"publish","type":"page","link":"https:\/\/vestidosparafiestas.com\/index.php\/sobre-mi\/","title":{"rendered":"Sobre m\u00ed"},"content":{"rendered":"<p>[vc_row][vc_column][vc_column_text]<\/p>\n<p style=\"text-align: center;\"><img loading=\"lazy\" decoding=\"async\" class=\"wp-image-1018 alignleft\" src=\"https:\/\/vestidosparafiestas.com\/wp-content\/uploads\/2024\/02\/nata-195x300.jpeg\" alt=\"\" width=\"122\" height=\"187\" srcset=\"https:\/\/vestidosparafiestas.com\/wp-content\/uploads\/2024\/02\/nata-195x300.jpeg 195w, https:\/\/vestidosparafiestas.com\/wp-content\/uploads\/2024\/02\/nata-667x1024.jpeg 667w, https:\/\/vestidosparafiestas.com\/wp-content\/uploads\/2024\/02\/nata-768x1179.jpeg 768w, https:\/\/vestidosparafiestas.com\/wp-content\/uploads\/2024\/02\/nata-600x921.jpeg 600w, https:\/\/vestidosparafiestas.com\/wp-content\/uploads\/2024\/02\/nata.jpeg 859w\" sizes=\"(max-width: 122px) 100vw, 122px\" \/><\/p>\n<p>Natalia S\u00e1nchez, una joven alicantina nacida en una encantadora ciudad mediterr\u00e1nea, emerge como una apasionada profesional en el mundo de la moda. Con su arraigo en una tierra impregnada de luz, brisa marina y vitalidad, se inspira para crear dise\u00f1os que reflejan la belleza de Espa\u00f1a. Dotada con un M\u00e1ster en Maquillaje Profesional y otro en Dise\u00f1o de Moda, Natalia fusiona su amor por el maquillaje art\u00edstico, los colores y las telas, lanzando su primera colecci\u00f3n de moda. Como innovaci\u00f3n destacada, cada vestido es \u00fanico, confeccionado a mano y autenticado con un NFT digital, a\u00f1adiendo un toque exclusivo y de vanguardia a su trabajo art\u00edstico.<\/p>\n<p><strong>MARCA<\/strong><\/p>\n<p>Natalia S\u00e1nchez Colecci\u00f3n nace de una pasi\u00f3n desde el coraz\u00f3n y reflejando la personalidad de ella misma. Son dise\u00f1os creados para brillar, resaltar la dulzura y la elegancia. \u00a0Destacamos que son vestidos de alta calidad y dise\u00f1os exclusivos, fabricados artesanalmente en Espa\u00f1a.\u00a0 Somos un gran equipo de patronistas, cortadores y modistas profesionales que aman su trabajo.\u00a0 <a href=\"https:\/\/www.linkedin.com\/in\/nataliasanchezm\/\">LinkedIn<\/a>[\/vc_column_text][\/vc_column][\/vc_row]<\/p>\n","protected":false},"excerpt":{"rendered":"<p>[vc_row][vc_column][vc_column_text] Natalia S\u00e1nchez, una joven alicantina nacida en una encantadora ciudad mediterr\u00e1nea, emerge como una apasionada profesional en el mundo de la moda. Con su arraigo en una tierra impregnada de luz, brisa marina y vitalidad, se inspira para crear dise\u00f1os que reflejan la belleza de Espa\u00f1a. Dotada con un M\u00e1ster en Maquillaje Profesional y [&hellip;]<\/p>\n","protected":false},"author":1,"featured_media":0,"parent":0,"menu_order":0,"comment_status":"closed","ping_status":"closed","template":"","meta":{"_acf_changed":false,"footnotes":""},"acf":[],"jetpack_sharing_enabled":true,"_links":{"self":[{"href":"https:\/\/vestidosparafiestas.com\/index.php\/wp-json\/wp\/v2\/pages\/940"}],"collection":[{"href":"https:\/\/vestidosparafiestas.com\/index.php\/wp-json\/wp\/v2\/pages"}],"about":[{"href":"https:\/\/vestidosparafiestas.com\/index.php\/wp-json\/wp\/v2\/types\/page"}],"author":[{"embeddable":true,"href":"https:\/\/vestidosparafiestas.com\/index.php\/wp-json\/wp\/v2\/users\/1"}],"replies":[{"embeddable":true,"href":"https:\/\/vestidosparafiestas.com\/index.php\/wp-json\/wp\/v2\/comments?post=940"}],"version-history":[{"count":11,"href":"https:\/\/vestidosparafiestas.com\/index.php\/wp-json\/wp\/v2\/pages\/940\/revisions"}],"predecessor-version":[{"id":1019,"href":"https:\/\/vestidosparafiestas.com\/index.php\/wp-json\/wp\/v2\/pages\/940\/revisions\/1019"}],"wp:attachment":[{"href":"https:\/\/vestidosparafiestas.com\/index.php\/wp-json\/wp\/v2\/media?parent=940"}],"curies":[{"name":"wp","href":"https:\/\/api.w.org\/{rel}","templated":true}]}}