{"id":317,"date":"2016-11-30T17:46:14","date_gmt":"2016-11-30T17:46:14","guid":{"rendered":"http:\/\/eva:8888\/?post_type=product&#038;p=317"},"modified":"2025-09-14T17:30:24","modified_gmt":"2025-09-14T17:30:24","slug":"esmeralda","status":"publish","type":"product","link":"https:\/\/vestidosparafiestas.com\/index.php\/product\/esmeralda\/","title":{"rendered":"ESMERALDA"},"content":{"rendered":"","protected":false},"excerpt":{"rendered":"<p>Elegante fusi\u00f3n de cultura y modernidad, el pendiente individual Esmeralda es una declaraci\u00f3n de elegancia moderna. En sinton\u00eda con el car\u00e1cter din\u00e1mico de la colecci\u00f3n, los pendientes individuales pueden combinarse para crear un estilo realmente \u00fanico.<\/p>\n","protected":false},"featured_media":851,"comment_status":"open","ping_status":"closed","template":"","meta":{"_acf_changed":false},"product_cat":[93],"product_tag":[72],"acf":[],"jetpack_sharing_enabled":true,"_links":{"self":[{"href":"https:\/\/vestidosparafiestas.com\/index.php\/wp-json\/wp\/v2\/product\/317"}],"collection":[{"href":"https:\/\/vestidosparafiestas.com\/index.php\/wp-json\/wp\/v2\/product"}],"about":[{"href":"https:\/\/vestidosparafiestas.com\/index.php\/wp-json\/wp\/v2\/types\/product"}],"replies":[{"embeddable":true,"href":"https:\/\/vestidosparafiestas.com\/index.php\/wp-json\/wp\/v2\/comments?post=317"}],"wp:featuredmedia":[{"embeddable":true,"href":"https:\/\/vestidosparafiestas.com\/index.php\/wp-json\/wp\/v2\/media\/851"}],"wp:attachment":[{"href":"https:\/\/vestidosparafiestas.com\/index.php\/wp-json\/wp\/v2\/media?parent=317"}],"wp:term":[{"taxonomy":"product_cat","embeddable":true,"href":"https:\/\/vestidosparafiestas.com\/index.php\/wp-json\/wp\/v2\/product_cat?post=317"},{"taxonomy":"product_tag","embeddable":true,"href":"https:\/\/vestidosparafiestas.com\/index.php\/wp-json\/wp\/v2\/product_tag?post=317"}],"curies":[{"name":"wp","href":"https:\/\/api.w.org\/{rel}","templated":true}]}}