{"id":888,"date":"2020-12-27T11:45:42","date_gmt":"2020-12-27T11:45:42","guid":{"rendered":"http:\/\/vestidosparafiestas.com\/?post_type=product&#038;p=888"},"modified":"2024-02-20T18:00:37","modified_gmt":"2024-02-20T18:00:37","slug":"modelo-barbara","status":"publish","type":"product","link":"https:\/\/vestidosparafiestas.com\/index.php\/product\/modelo-barbara\/","title":{"rendered":"Modelo B\u00e1rbara"},"content":{"rendered":"<p><em>(Todos los dise\u00f1os llevan 1 cm dem\u00e1s por dentro de las costuras para que en \u00e9l caso, de que se quiera modificar el vestido despu\u00e9s de su recepci\u00f3n por cuenta vuestra, se pueda realizar con facilidad en cualquier taller de confecci\u00f3n.)<\/em><\/p>\n<p>Para conocer cu\u00e1l es tu talla exacta, coge una cinta m\u00e9trica y mide tu contorno de pecho, cintura y cadera, sin ropa. Las medidas son orientativas, si est\u00e1s entre dos tallas, coge siempre la m\u00e1s peque\u00f1a.<\/p>\n<table style=\"height: 388px;\" width=\"448\">\n<tbody>\n<tr>\n<td width=\"142\"><strong>TALLA\u00a0 <\/strong><\/td>\n<td width=\"142\"><strong>PECHO (CM)\u00a0\u00a0\u00a0 \u00a0\u00a0\u00a0\u00a0\u00a0\u00a0\u00a0<\/strong><\/td>\n<td width=\"142\"><strong>CINTURA (CM)\u00a0\u00a0\u00a0\u00a0\u00a0 \u00a0\u00a0\u00a0\u00a0\u00a0<\/strong><\/td>\n<td width=\"142\"><strong>CADERAS (CM<\/strong><\/td>\n<\/tr>\n<tr>\n<td width=\"142\">36<\/td>\n<td width=\"142\">85<\/td>\n<td width=\"142\">67<\/td>\n<td width=\"142\">92<\/td>\n<\/tr>\n<tr>\n<td width=\"142\">38<\/td>\n<td width=\"142\">88<\/td>\n<td width=\"142\">70<\/td>\n<td width=\"142\">94<\/td>\n<\/tr>\n<tr>\n<td width=\"142\">40<\/td>\n<td width=\"142\">90<\/td>\n<td width=\"142\">72<\/td>\n<td width=\"142\">100<\/td>\n<\/tr>\n<tr>\n<td width=\"142\">42<\/td>\n<td width=\"142\">94<\/td>\n<td width=\"142\">76<\/td>\n<td width=\"142\">104<\/td>\n<\/tr>\n<tr>\n<td width=\"142\">44<\/td>\n<td width=\"142\">98<\/td>\n<td width=\"142\">80<\/td>\n<td width=\"142\">109<\/td>\n<\/tr>\n<\/tbody>\n<\/table>\n","protected":false},"excerpt":{"rendered":"<p><strong>Descripci\u00f3n del Vestido:<\/strong> Vestido largo con falda de varias capas de tul brillante. Hombreras con apliques de pedrer\u00eda para dar fuerza, al igual que el cintur\u00f3n. Con un escote pronunciado y una cintura ajustada.<\/p>\n<p><strong>T\u00edtulo del NFT:<\/strong> &#8220;Modelo B\u00e1rbara&#8221;<\/p>\n<p><strong>Descripci\u00f3n del NFT:<\/strong> Este NFT representa un impresionante dise\u00f1o de un vestido largo con una falda compuesta por varias capas de tul brillante, que a\u00f1aden un toque de glamour y sofisticaci\u00f3n. Las hombreras est\u00e1n adornadas con apliques de pedrer\u00eda, que no solo realzan la fuerza del dise\u00f1o, sino que tambi\u00e9n agregan un elemento de brillo deslumbrante. Adem\u00e1s, el cintur\u00f3n tambi\u00e9n est\u00e1 decorado con pedrer\u00eda para mantener la coherencia en el dise\u00f1o. El vestido presenta un escote pronunciado que resalta la figura, junto con una cintura ajustada que realza la silueta femenina.<\/p>\n<p><strong>COMPOSICI\u00d3N Y CUIDADO <\/strong><\/p>\n<p>Limpieza profesional autorizada | No usar secadora | No usar ning\u00fan blanqueador | No planchar<\/p>\n","protected":false},"featured_media":891,"comment_status":"open","ping_status":"closed","template":"","meta":{"_acf_changed":false},"product_cat":[46],"product_tag":[70],"acf":[],"jetpack_sharing_enabled":true,"_links":{"self":[{"href":"https:\/\/vestidosparafiestas.com\/index.php\/wp-json\/wp\/v2\/product\/888"}],"collection":[{"href":"https:\/\/vestidosparafiestas.com\/index.php\/wp-json\/wp\/v2\/product"}],"about":[{"href":"https:\/\/vestidosparafiestas.com\/index.php\/wp-json\/wp\/v2\/types\/product"}],"replies":[{"embeddable":true,"href":"https:\/\/vestidosparafiestas.com\/index.php\/wp-json\/wp\/v2\/comments?post=888"}],"wp:featuredmedia":[{"embeddable":true,"href":"https:\/\/vestidosparafiestas.com\/index.php\/wp-json\/wp\/v2\/media\/891"}],"wp:attachment":[{"href":"https:\/\/vestidosparafiestas.com\/index.php\/wp-json\/wp\/v2\/media?parent=888"}],"wp:term":[{"taxonomy":"product_cat","embeddable":true,"href":"https:\/\/vestidosparafiestas.com\/index.php\/wp-json\/wp\/v2\/product_cat?post=888"},{"taxonomy":"product_tag","embeddable":true,"href":"https:\/\/vestidosparafiestas.com\/index.php\/wp-json\/wp\/v2\/product_tag?post=888"}],"curies":[{"name":"wp","href":"https:\/\/api.w.org\/{rel}","templated":true}]}}