{"id":952,"date":"2020-12-27T14:03:55","date_gmt":"2020-12-27T14:03:55","guid":{"rendered":"http:\/\/vestidosparafiestas.com\/?post_type=product&#038;p=952"},"modified":"2025-06-08T12:45:34","modified_gmt":"2025-06-08T12:45:34","slug":"bolso-clutch","status":"publish","type":"product","link":"https:\/\/vestidosparafiestas.com\/index.php\/product\/bolso-clutch\/","title":{"rendered":"BOLSO CLUTCH"},"content":{"rendered":"","protected":false},"excerpt":{"rendered":"<p><strong>Bolso clutch pedrer\u00eda plata:<\/strong><br \/>\nBolso de fiesta. Material polipiel con brillo. Detalle metaler\u00eda plateada con pedrer\u00eda. Asa de hombro en cadena. Forro sin bolsillo interior. Cierre met\u00e1lico plateado.<br \/>\nAncho x Alto x Fondo: 20 X 10 X 3 cm.<u><\/u><\/p>\n","protected":false},"featured_media":996,"comment_status":"open","ping_status":"closed","template":"","meta":{"_acf_changed":false},"product_cat":[91],"product_tag":[],"acf":[],"jetpack_sharing_enabled":true,"_links":{"self":[{"href":"https:\/\/vestidosparafiestas.com\/index.php\/wp-json\/wp\/v2\/product\/952"}],"collection":[{"href":"https:\/\/vestidosparafiestas.com\/index.php\/wp-json\/wp\/v2\/product"}],"about":[{"href":"https:\/\/vestidosparafiestas.com\/index.php\/wp-json\/wp\/v2\/types\/product"}],"replies":[{"embeddable":true,"href":"https:\/\/vestidosparafiestas.com\/index.php\/wp-json\/wp\/v2\/comments?post=952"}],"wp:featuredmedia":[{"embeddable":true,"href":"https:\/\/vestidosparafiestas.com\/index.php\/wp-json\/wp\/v2\/media\/996"}],"wp:attachment":[{"href":"https:\/\/vestidosparafiestas.com\/index.php\/wp-json\/wp\/v2\/media?parent=952"}],"wp:term":[{"taxonomy":"product_cat","embeddable":true,"href":"https:\/\/vestidosparafiestas.com\/index.php\/wp-json\/wp\/v2\/product_cat?post=952"},{"taxonomy":"product_tag","embeddable":true,"href":"https:\/\/vestidosparafiestas.com\/index.php\/wp-json\/wp\/v2\/product_tag?post=952"}],"curies":[{"name":"wp","href":"https:\/\/api.w.org\/{rel}","templated":true}]}}